{"id":2,"date":"2022-01-07T11:06:33","date_gmt":"2022-01-07T11:06:33","guid":{"rendered":"https:\/\/depannage-volet-roulant-paris-14.fr\/?page_id=2"},"modified":"2023-02-16T14:10:33","modified_gmt":"2023-02-16T14:10:33","slug":"paris-14","status":"publish","type":"page","link":"https:\/\/depannage-volet-roulant-paris-14.fr\/","title":{"rendered":"Stores &#038; Volets roulants dans le 75014 &#8211; Rue d&rsquo;Al\u00e9sia &#8211; Avenue du Maine &#8211; Rue des Plantes- Toutes les rues 14e Arrondissement"},"content":{"rendered":"\n<h1 class=\"has-text-align-center\">Stores &amp; Volets roulants Paris 14<\/h1>\n\n\n\n<p class=\"has-text-align-center\"><em>Avec des exigences de plus en plus \u00e9lev\u00e9es en mati\u00e8re d&rsquo;esth\u00e9tique et de s\u00e9curit\u00e9, les vitres et les fen\u00eatres sont plus d\u00e9terminantes que jamais. Toutefois, ces \u00e9l\u00e9ments sont souvent la protection la plus fiable contre les intemp\u00e9ries, la chaleur, le froid, les cambriolages et le bruit. <\/em><\/p>\n\n\n\n<p class=\"has-text-align-center\"><em>Les volets roulants sont la solution id\u00e9ale ! Que vous cherchiez des volets roulants encastr\u00e9s \u00e0 installer lors de la construction ou des volets roulants en fa\u00e7ade pour des maisons existantes, nous avons une gamme de possibilit\u00e9s pour vous<\/em><\/p>\n\n\n\n<p class=\"has-text-align-center\"><a href=\"tel:09 77 77 36 13\">Prix  \/ Conseils<br>\u260e\ufe0f 09 77 77 36 13<br>Service 24h\/24 &#8211; Devis gratuit<\/a><\/p>\n\n\n\n<div class=\"wp-block-image\"><figure class=\"aligncenter size-full\"><img loading=\"lazy\" width=\"603\" height=\"337\" src=\"https:\/\/depannage-volet-roulant-paris-14.fr\/wp-content\/uploads\/2022\/01\/installateur-stores-et-volet-paris-14.png\" alt=\"installateur de volet roulant Paris 14\" class=\"wp-image-39\" srcset=\"https:\/\/depannage-volet-roulant-paris-14.fr\/wp-content\/uploads\/2022\/01\/installateur-stores-et-volet-paris-14.png 603w, https:\/\/depannage-volet-roulant-paris-14.fr\/wp-content\/uploads\/2022\/01\/installateur-stores-et-volet-paris-14-300x168.png 300w\" sizes=\"(max-width: 603px) 100vw, 603px\" \/><\/figure><\/div>\n\n\n\n<h2 class=\"has-text-align-center\">Des experts disponibles 24\/7 \u00e0 Paris 14<\/h2>\n\n\n\n<p class=\"has-text-align-center\"><em>Nous sommes sp\u00e9cialis\u00e9s dans la r\u00e9paration, la motorisation, la maintenance de vos stores et volets roulants, portails et rideaux m\u00e9tallique de magasin a Paris 14. Votre assistance t\u00e9l\u00e9phonique est disponible&nbsp;7j\/7, 24h\/24&nbsp;et en cas de besoin, vous pouvez compter sur une intervention rapide de notre de professionnel.<\/em><\/p>\n\n\n\n<h2 class=\"has-text-align-center\">Bubendorff &#8211; Somfy. Le plus fiable des d\u00e9panneurs de volets roulants d&rsquo;urgence de 14eme de Paris.<\/h2>\n\n\n\n<p class=\"has-text-align-center\">Vous souhaitez une intervention d&rsquo;urgence sur vos volets roulants ? Chez depannage-volet-roulant-paris-14.fr, nous offrons des prestations de maintenance, de d\u00e9pannage, de r\u00e9novation et de remplacement de vos volets roulants. Les d\u00e9t\u00e9riorations de vos volets roulants peuvent, si elles ne sont pas r\u00e9par\u00e9es, entra\u00eener des pannes importantes, des travaux de r\u00e9paration on\u00e9reux<\/p>\n\n\n\n<div class=\"wp-block-image\"><figure class=\"aligncenter size-full\"><a href=\"tel:09 77 77 36 13\"><img loading=\"lazy\" width=\"890\" height=\"93\" src=\"https:\/\/depannage-volet-roulant-paris-14.fr\/wp-content\/uploads\/2022\/01\/intervention-volet-roulant-Paris-14.png\" alt=\"Stores &amp; Volets roulants Paris 14\" class=\"wp-image-35\" srcset=\"https:\/\/depannage-volet-roulant-paris-14.fr\/wp-content\/uploads\/2022\/01\/intervention-volet-roulant-Paris-14.png 890w, https:\/\/depannage-volet-roulant-paris-14.fr\/wp-content\/uploads\/2022\/01\/intervention-volet-roulant-Paris-14-300x31.png 300w, https:\/\/depannage-volet-roulant-paris-14.fr\/wp-content\/uploads\/2022\/01\/intervention-volet-roulant-Paris-14-768x80.png 768w\" sizes=\"(max-width: 890px) 100vw, 890px\" \/><\/a><\/figure><\/div>\n\n\n\n<h2 class=\"has-text-align-center\">Pourquoi installer stores et volets roulants a Vos fen\u00eatres et baies vitr\u00e9es?<\/h2>\n\n\n\n<p class=\"has-text-align-center\">Avec les volets roulants de Paris 14, vous b\u00e9n\u00e9ficierez de la meilleure protection possible contre les dommages li\u00e9s aux \u00e9l\u00e9ments tels que les chocs, la pluie, le vent, le soleil et le vandalisme. La polyvalence de nos volets roulants personnalis\u00e9s leur permet d&rsquo;\u00eatre utilis\u00e9s pour s\u00e9curiser vos fen\u00eatres, portes, kiosques, v\u00e9randas et plus encore. Les volets roulants peuvent \u00eatre install\u00e9s sur vos portes et fen\u00eatres pour aider \u00e0 prot\u00e9ger votre maison contre divers dangers.<\/p>\n\n\n\n<ul><li>Protection contre l&rsquo;effraction<\/li><li>L\u2019intimit\u00e9 et l\u2019obscurit\u00e9<\/li><li>Une meilleure isolation thermique et phonique<\/li><li>Esth\u00e9tique de votre fa\u00e7ade<\/li><li>Pratique et confortable<\/li><\/ul>\n\n\n\n<p class=\"has-text-align-center\">Si vous \u00eates int\u00e9ressez par des volets roulants dans votre habitation? Notre entreprise intervient sur votre arrondissement du 14eme de Paris. Nous sommes connu pour fournir des services d&rsquo;installation, r\u00e9paration, motorisation de qualit\u00e9 sup\u00e9rieure en mati\u00e8re de <strong>store<\/strong>&nbsp;de terrasse, volets roulants ext\u00e9rieurs,&nbsp;<em>auvent<\/em>&nbsp;commercial de vitrine et rideaux et grilles m\u00e9talliques. Contactez-nous pour prendre rendez-vous avec un sp\u00e9cialiste <a href=\"tel:09 77 77 36 13 Prix d un appel local\">09 77 77 36 13 <\/a> (Prix d un appel local).<\/p>\n\n\n\n<h2 class=\"has-text-align-center\">La Motorisation de vos stores et volets sont il adapt\u00e9s \u00e0 votre domicile et \u00e0 votre style de vie?<\/h2>\n\n\n\n<p class=\"has-text-align-center\"><strong>Les volets motoris\u00e9s<\/strong> sont un m\u00e9lange original de technologie et de savoir-faire dont chaque foyer ou entreprise devrait tirer parti. Avec la possibilit\u00e9 de contr\u00f4ler la mont\u00e9e, la descente ou le r\u00e9glage de vos stores \u00e0 l&rsquo;aide d&rsquo;une t\u00e9l\u00e9commande, ou m\u00eame \u00e0 partir d&rsquo;un t\u00e9l\u00e9phone ou d&rsquo;une tablette. La motorisation peut prot\u00e9ger vos pi\u00e8ces int\u00e9rieures des heures de pointe de la chaleur du soleil ou de grand froid, ce qui \u00e9conomise votre facture \u00e9nerg\u00e9tique. Les stores et les volets motoris\u00e9s sont b\u00e9n\u00e9fiques et populaires dans les commerces et les immeubles de bureaux, o\u00f9 tous types de logement. <\/p>\n\n\n\n<p class=\"has-text-align-center\"><strong>Depannage-volet-roulant-paris-14.fr<\/strong> propose un grand choix de solutions personnalis\u00e9es de motorisation  \u00ab\u00a0<em>La motorisation filaire<\/em>, <em>La motorisation radio standard<\/em>, <em>La motorisation Somfy<\/em>\u00a0\u00bb de volets et stores  des fen\u00eatres. Y compris Volet roulant Tradition, Volet roulant Bloc-baie, Volet roulant R\u00e9novation, Volet roulant Bois, Le volet roulant semi int\u00e9gr\u00e9 et des stores velux. <\/p>\n\n\n\n<h3 class=\"has-text-align-center\">Nous desservons Paris 14. N&rsquo;h\u00e9sitez pas \u00e0 nous contacter au  <a href=\"tel:09 77 77 36 13 Prix d un appel local\">09 77 77 36 13 <\/a>  et faites-nous savoir de quelles mani\u00e8res nous pouvons vous aider.<\/h3>\n\n\n\n<h2 class=\"has-text-align-center\">D\u00e9pannage de rideau m\u00e9tallique bloqu\u00e9, coinc\u00e9 ou cass\u00e9. Intervention en 1 heure a Paris 14.<\/h2>\n\n\n\n<p class=\"has-text-align-center\">Votre rideau m\u00e9tallique joue un r\u00f4le essentiel dans la s\u00fbret\u00e9, la s\u00e9curit\u00e9 de votre commerce \u00e0 Paris 14. Si le vieillissement commence \u00e0 avoir des r\u00e9percussions sur votre rideau m\u00e9tallique ou si l&rsquo;un a \u00e9t\u00e9 r\u00e9cemment endommag\u00e9e lors d&rsquo;un accident inattendu. Le fait de retarder une r\u00e9paration de rideaux m\u00e9tallique pourrait exposer votre commerce aux intrus potentiels. Ne vous d\u00e9battez pas avec des portes vieilles ou endommag\u00e9es quand <strong>depannage-volet-roulant-paris-14.fr<\/strong> offre une r\u00e9paration de qualit\u00e9 et abordable \u00e0 Paris 14. La d\u00e9pannage de rideaux m\u00e9talliques \u00e0 Paris 14 est une affaire r\u00e9serv\u00e9e aux professionnels. Comment proc\u00e9der au d\u00e9blocage d&rsquo;une grille m\u00e9tallique ?<\/p>\n\n\n\n<p class=\"has-text-align-center\">Laissez depannage-volet-roulant-paris-14.fr vous aider \u00e0 prot\u00e9ger votre entreprise avec des volets de s\u00e9curit\u00e9. Ces volets prot\u00e8gent votre entreprise contre le vandalisme, le vol et les intemp\u00e9ries, et lui conf\u00e8rent un aspect attrayant. Nous proposons des volets motoris\u00e9s, non motoris\u00e9s, et une vari\u00e9t\u00e9 de couleurs. Si vous n&rsquo;\u00eates pas s\u00fbr de ce qui vous convient le mieux, contactez-nous d\u00e8s aujourd&rsquo;hui. Nous pouvons vous fournir des id\u00e9es de conception et prendre les mesures de votre propri\u00e9t\u00e9 pour vous fournir un devis gratuit.<\/p>\n\n\n\n<h2 class=\"has-text-align-center\">FENETRES &#8211; Portes &#8211; ALU &#8211; PVC &#8211; BOIS &#8211; R\u00e9paration de fen\u00eatre baie coulissante et volets roulants PARIS 14<\/h2>\n\n\n\n<p class=\"has-text-align-center\">Notre \u00e9quipe de R\u00e9paration et D\u00e9pannage de fen\u00eatres et Remplacement de roulettes sur fen\u00eatres baies coulissantes fournit un travail rapide et fiable pour tous les probl\u00e8mes que vous rencontrez. Contactez nos experts PARIS 14 \u00e8me Arrondissement 75014.<\/p>\n\n\n\n<h3 class=\"has-text-align-center\">Verre fissur\u00e9, \u00e9br\u00e9ch\u00e9 ou bris\u00e9<\/h3>\n\n\n\n<p class=\"has-text-align-center\">Une violente temp\u00eate de gr\u00eale a peut-\u00eatre cass\u00e9 une vitre, ou un cambrioleur a bris\u00e9 la vitre. Une vitre endommag\u00e9e rend votre maison de Paris 14 vuln\u00e9rable aux \u00e9l\u00e9ments et aux futures effractions. Heureusement, depannage-volet-roulant-paris-14.fr est \u00e9galement un expert en r\u00e9paration de fen\u00eatres et peut donc remplacer facilement votre vitre \u00e9br\u00e9ch\u00e9e ou bris\u00e9e.<\/p>\n\n\n\n<h3 class=\"has-text-align-center\">Joints de porte fen\u00eatre us\u00e9s<\/h3>\n\n\n\n<p class=\"has-text-align-center\"> Le joint d&rsquo;\u00e9tanch\u00e9it\u00e9 de vos fen\u00eatres et portes ext\u00e9rieures est un \u00e9l\u00e9ment important de la pr\u00e9vention des fuites d&rsquo;air qui gaspillent l&rsquo;\u00e9nergie. Pour rendre votre maison de Paris 14 plus efficace et tenir \u00e0 distance les courants d&rsquo;air froids, faites appel \u00e0 notre \u00e9quipe pour remplacer les joints d&rsquo;\u00e9tanch\u00e9it\u00e9.<\/p>\n\n\n\n<h3 class=\"has-text-align-center\">Porte endommag\u00e9<\/h3>\n\n\n\n<p class=\"has-text-align-center\">Notre \u00e9quipe r\u00e9pare tous types de portes rapidement. Nous traitons les urgences, y compris les portes forc\u00e9es, cass\u00e9es, bloqu\u00e9es. Notre savoir-faire r\u00e9sout les probl\u00e8mes mineurs ou majeurs. S\u00e9curit\u00e9 et tranquillit\u00e9 d&rsquo;esprit restaur\u00e9es. Contactez-nous 24\/24 pour assistance professionnelle.<\/p>\n\n\n\n<h3 class=\"has-text-align-center\">Difficult\u00e9 \u00e0 ouvrir ou fermer les portes<\/h3>\n\n\n\n<p class=\"has-text-align-center\">Les portes int\u00e9rieures et ext\u00e9rieures peuvent commencer \u00e0 se bloquer pour diverses raisons. Une fondation qui s&rsquo;affaisse peut faire en sorte que la porte ne soit plus d&rsquo;\u00e9querre avec le cadre. Un exc\u00e8s de peinture sur les bords de la porte peut \u00e9galement provoquer un blocage. Dans le cas des portes coulissantes, des roulettes us\u00e9es ou mal ajust\u00e9es peuvent \u00eatre la raison pour laquelle la porte est difficile \u00e0 ouvrir. Quelle que soit la cause, nous pouvons r\u00e9parer votre porte qui coince !<\/p>\n\n\n\n<h3 class=\"has-text-align-center\">Montant de porte cass\u00e9<\/h3>\n\n\n\n<p class=\"has-text-align-center\">Si quelqu&rsquo;un a enfonc\u00e9 votre porte pour entrer chez vous, le montant de la porte peut \u00eatre \u00e9clat\u00e9, cr\u00e9ant un risque de s\u00e9curit\u00e9 qui pourrait entra\u00eener une autre effraction. Une r\u00e9paration de porte rapide et fiable effectu\u00e9e par depannage-volet-roulant-paris-14.fr remettra votre porte en \u00e9tat de marche. Nous pouvons m\u00eame installer des renforts de cadre de porte pour qu&rsquo;il soit plus difficile pour un intrus de frapper \u00e0 nouveau dans votre porte.<\/p>\n\n\n\n<p class=\"has-text-align-center\"><strong><em>VOTRE SPECIALISTE DANS LA REPARATION DE VOLET ROULANT,<br>REPARATION DE TOUT TYPE DE FENETRE ALU ET PVC,<br>MIROITERIE: REMPLACEMENT DE TOUT TYPE DE VITRAGE<br>Intervention sur Paris 14<\/em><\/strong><\/p>\n\n\n\n<h3 class=\"has-text-align-center\">Optez pour la r\u00e9f\u00e9rence en mati\u00e8re de r\u00e9paration de portes de toutes sortes \u00e0 Paris 14, appelez  au <a href=\"tel:09 77 77 36 13 Prix d un appel local\">09 77 77 36 13<\/a> ou contactez-nous en ligne d\u00e8s aujourd&rsquo;hui !<\/h3>\n\n\n\n<p class=\"has-text-align-center\"><a href=\"https:\/\/serrurier-paris-15eme.fr\/\">Les serruriers artisans du 15\u00e8me arrondissement de Paris<\/a> offrent des services de qualit\u00e9 sup\u00e9rieure pour r\u00e9pondre \u00e0 vos besoins de serrurerie. Ils installent, r\u00e9parent et ouvrent des serrures. Ils offrent \u00e9galement des conseils personnalis\u00e9s pour renforcer la s\u00e9curit\u00e9 de votre domicile. Ces artisans locaux sont disponibles pour les interventions d&rsquo;urgence 24\/7. Leurs ann\u00e9es d&rsquo;exp\u00e9rience et leur expertise leur permettent de fournir un service professionnel et sur mesure pour chaque client. Contactez-les d\u00e8s maintenant pour tous vos besoins de serrurerie.<\/p>\n","protected":false},"excerpt":{"rendered":"<p>Stores &amp; Volets roulants Paris 14 Avec des exigences de plus en plus \u00e9lev\u00e9es en mati\u00e8re d&rsquo;esth\u00e9tique et de s\u00e9curit\u00e9, les vitres et les fen\u00eatres sont plus d\u00e9terminantes que jamais. Toutefois, ces \u00e9l\u00e9ments sont souvent la protection la plus fiable contre les intemp\u00e9ries, la chaleur, le froid, les cambriolages et le bruit. Les volets roulants [&hellip;]<\/p>\n","protected":false},"author":1,"featured_media":0,"parent":0,"menu_order":0,"comment_status":"closed","ping_status":"open","template":"","meta":[],"yoast_head":"<!-- This site is optimized with the Yoast SEO plugin v17.9 - https:\/\/yoast.com\/wordpress\/plugins\/seo\/ -->\n<title>Installateur de volets roulants et stores \u00e0 Paris 14 au meilleur prix.<\/title>\n<meta name=\"description\" content=\"En mati\u00e8re de d\u00e9blocage, d\u00e9pannage, r\u00e9paration, motorisation de stores, volets roulants.\u2b50 exigez la comp\u00e9tence d&#039;un artisan local a Paris 14.\" \/>\n<meta name=\"robots\" content=\"index, follow, max-snippet:-1, max-image-preview:large, max-video-preview:-1\" \/>\n<link rel=\"canonical\" href=\"https:\/\/depannage-volet-roulant-paris-14.fr\/\" \/>\n<meta property=\"og:locale\" content=\"fr_FR\" \/>\n<meta property=\"og:type\" content=\"article\" \/>\n<meta property=\"og:title\" content=\"Installateur de volets roulants et stores \u00e0 Paris 14 au meilleur prix.\" \/>\n<meta property=\"og:description\" content=\"En mati\u00e8re de d\u00e9blocage, d\u00e9pannage, r\u00e9paration, motorisation de stores, volets roulants.\u2b50 exigez la comp\u00e9tence d&#039;un artisan local a Paris 14.\" \/>\n<meta property=\"og:url\" content=\"https:\/\/depannage-volet-roulant-paris-14.fr\/\" \/>\n<meta property=\"og:site_name\" content=\"Pose, R\u00e9paration Volet roulant \u00e0 Paris 14\" \/>\n<meta property=\"article:modified_time\" content=\"2023-02-16T14:10:33+00:00\" \/>\n<meta property=\"og:image\" content=\"https:\/\/depannage-volet-roulant-paris-14.fr\/wp-content\/uploads\/2022\/01\/installateur-stores-et-volet-paris-14.png\" \/>\n<meta name=\"twitter:card\" content=\"summary_large_image\" \/>\n<meta name=\"twitter:label1\" content=\"Dur\u00e9e de lecture estim\u00e9e\" \/>\n\t<meta name=\"twitter:data1\" content=\"7 minutes\" \/>\n<script type=\"application\/ld+json\" class=\"yoast-schema-graph\">{\"@context\":\"https:\/\/schema.org\",\"@graph\":[{\"@type\":\"WebSite\",\"@id\":\"https:\/\/depannage-volet-roulant-paris-14.fr\/#website\",\"url\":\"https:\/\/depannage-volet-roulant-paris-14.fr\/\",\"name\":\"Pose, R\\u00e9paration Volet roulant \\u00e0 Paris 14\",\"description\":\"\",\"potentialAction\":[{\"@type\":\"SearchAction\",\"target\":{\"@type\":\"EntryPoint\",\"urlTemplate\":\"https:\/\/depannage-volet-roulant-paris-14.fr\/?s={search_term_string}\"},\"query-input\":\"required name=search_term_string\"}],\"inLanguage\":\"fr-FR\"},{\"@type\":\"ImageObject\",\"@id\":\"https:\/\/depannage-volet-roulant-paris-14.fr\/#primaryimage\",\"inLanguage\":\"fr-FR\",\"url\":\"https:\/\/depannage-volet-roulant-paris-14.fr\/wp-content\/uploads\/2022\/01\/installateur-stores-et-volet-paris-14.png\",\"contentUrl\":\"https:\/\/depannage-volet-roulant-paris-14.fr\/wp-content\/uploads\/2022\/01\/installateur-stores-et-volet-paris-14.png\",\"width\":603,\"height\":337,\"caption\":\"installateur de volet roulant Paris 14\"},{\"@type\":\"WebPage\",\"@id\":\"https:\/\/depannage-volet-roulant-paris-14.fr\/#webpage\",\"url\":\"https:\/\/depannage-volet-roulant-paris-14.fr\/\",\"name\":\"Installateur de volets roulants et stores \\u00e0 Paris 14 au meilleur prix.\",\"isPartOf\":{\"@id\":\"https:\/\/depannage-volet-roulant-paris-14.fr\/#website\"},\"primaryImageOfPage\":{\"@id\":\"https:\/\/depannage-volet-roulant-paris-14.fr\/#primaryimage\"},\"datePublished\":\"2022-01-07T11:06:33+00:00\",\"dateModified\":\"2023-02-16T14:10:33+00:00\",\"description\":\"En mati\\u00e8re de d\\u00e9blocage, d\\u00e9pannage, r\\u00e9paration, motorisation de stores, volets roulants.\\u2b50 exigez la comp\\u00e9tence d'un artisan local a Paris 14.\",\"breadcrumb\":{\"@id\":\"https:\/\/depannage-volet-roulant-paris-14.fr\/#breadcrumb\"},\"inLanguage\":\"fr-FR\",\"potentialAction\":[{\"@type\":\"ReadAction\",\"target\":[\"https:\/\/depannage-volet-roulant-paris-14.fr\/\"]}]},{\"@type\":\"BreadcrumbList\",\"@id\":\"https:\/\/depannage-volet-roulant-paris-14.fr\/#breadcrumb\",\"itemListElement\":[{\"@type\":\"ListItem\",\"position\":1,\"name\":\"Accueil\",\"item\":\"https:\/\/depannage-volet-roulant-paris-14.fr\/\"},{\"@type\":\"ListItem\",\"position\":2,\"name\":\"Stores &#038; Volets roulants dans le 75014 &#8211; Rue d&rsquo;Al\\u00e9sia &#8211; Avenue du Maine &#8211; Rue des Plantes- Toutes les rues 14e Arrondissement\"}]}]}<\/script>\n<!-- \/ Yoast SEO plugin. -->","yoast_head_json":{"title":"Installateur de volets roulants et stores \u00e0 Paris 14 au meilleur prix.","description":"En mati\u00e8re de d\u00e9blocage, d\u00e9pannage, r\u00e9paration, motorisation de stores, volets roulants.\u2b50 exigez la comp\u00e9tence d'un artisan local a Paris 14.","robots":{"index":"index","follow":"follow","max-snippet":"max-snippet:-1","max-image-preview":"max-image-preview:large","max-video-preview":"max-video-preview:-1"},"canonical":"https:\/\/depannage-volet-roulant-paris-14.fr\/","og_locale":"fr_FR","og_type":"article","og_title":"Installateur de volets roulants et stores \u00e0 Paris 14 au meilleur prix.","og_description":"En mati\u00e8re de d\u00e9blocage, d\u00e9pannage, r\u00e9paration, motorisation de stores, volets roulants.\u2b50 exigez la comp\u00e9tence d'un artisan local a Paris 14.","og_url":"https:\/\/depannage-volet-roulant-paris-14.fr\/","og_site_name":"Pose, R\u00e9paration Volet roulant \u00e0 Paris 14","article_modified_time":"2023-02-16T14:10:33+00:00","og_image":[{"url":"https:\/\/depannage-volet-roulant-paris-14.fr\/wp-content\/uploads\/2022\/01\/installateur-stores-et-volet-paris-14.png"}],"twitter_card":"summary_large_image","twitter_misc":{"Dur\u00e9e de lecture estim\u00e9e":"7 minutes"},"schema":{"@context":"https:\/\/schema.org","@graph":[{"@type":"WebSite","@id":"https:\/\/depannage-volet-roulant-paris-14.fr\/#website","url":"https:\/\/depannage-volet-roulant-paris-14.fr\/","name":"Pose, R\u00e9paration Volet roulant \u00e0 Paris 14","description":"","potentialAction":[{"@type":"SearchAction","target":{"@type":"EntryPoint","urlTemplate":"https:\/\/depannage-volet-roulant-paris-14.fr\/?s={search_term_string}"},"query-input":"required name=search_term_string"}],"inLanguage":"fr-FR"},{"@type":"ImageObject","@id":"https:\/\/depannage-volet-roulant-paris-14.fr\/#primaryimage","inLanguage":"fr-FR","url":"https:\/\/depannage-volet-roulant-paris-14.fr\/wp-content\/uploads\/2022\/01\/installateur-stores-et-volet-paris-14.png","contentUrl":"https:\/\/depannage-volet-roulant-paris-14.fr\/wp-content\/uploads\/2022\/01\/installateur-stores-et-volet-paris-14.png","width":603,"height":337,"caption":"installateur de volet roulant Paris 14"},{"@type":"WebPage","@id":"https:\/\/depannage-volet-roulant-paris-14.fr\/#webpage","url":"https:\/\/depannage-volet-roulant-paris-14.fr\/","name":"Installateur de volets roulants et stores \u00e0 Paris 14 au meilleur prix.","isPartOf":{"@id":"https:\/\/depannage-volet-roulant-paris-14.fr\/#website"},"primaryImageOfPage":{"@id":"https:\/\/depannage-volet-roulant-paris-14.fr\/#primaryimage"},"datePublished":"2022-01-07T11:06:33+00:00","dateModified":"2023-02-16T14:10:33+00:00","description":"En mati\u00e8re de d\u00e9blocage, d\u00e9pannage, r\u00e9paration, motorisation de stores, volets roulants.\u2b50 exigez la comp\u00e9tence d'un artisan local a Paris 14.","breadcrumb":{"@id":"https:\/\/depannage-volet-roulant-paris-14.fr\/#breadcrumb"},"inLanguage":"fr-FR","potentialAction":[{"@type":"ReadAction","target":["https:\/\/depannage-volet-roulant-paris-14.fr\/"]}]},{"@type":"BreadcrumbList","@id":"https:\/\/depannage-volet-roulant-paris-14.fr\/#breadcrumb","itemListElement":[{"@type":"ListItem","position":1,"name":"Accueil","item":"https:\/\/depannage-volet-roulant-paris-14.fr\/"},{"@type":"ListItem","position":2,"name":"Stores &#038; Volets roulants dans le 75014 &#8211; Rue d&rsquo;Al\u00e9sia &#8211; Avenue du Maine &#8211; Rue des Plantes- Toutes les rues 14e Arrondissement"}]}]}},"_links":{"self":[{"href":"https:\/\/depannage-volet-roulant-paris-14.fr\/index.php?rest_route=\/wp\/v2\/pages\/2"}],"collection":[{"href":"https:\/\/depannage-volet-roulant-paris-14.fr\/index.php?rest_route=\/wp\/v2\/pages"}],"about":[{"href":"https:\/\/depannage-volet-roulant-paris-14.fr\/index.php?rest_route=\/wp\/v2\/types\/page"}],"author":[{"embeddable":true,"href":"https:\/\/depannage-volet-roulant-paris-14.fr\/index.php?rest_route=\/wp\/v2\/users\/1"}],"replies":[{"embeddable":true,"href":"https:\/\/depannage-volet-roulant-paris-14.fr\/index.php?rest_route=%2Fwp%2Fv2%2Fcomments&post=2"}],"version-history":[{"count":72,"href":"https:\/\/depannage-volet-roulant-paris-14.fr\/index.php?rest_route=\/wp\/v2\/pages\/2\/revisions"}],"predecessor-version":[{"id":150,"href":"https:\/\/depannage-volet-roulant-paris-14.fr\/index.php?rest_route=\/wp\/v2\/pages\/2\/revisions\/150"}],"wp:attachment":[{"href":"https:\/\/depannage-volet-roulant-paris-14.fr\/index.php?rest_route=%2Fwp%2Fv2%2Fmedia&parent=2"}],"curies":[{"name":"wp","href":"https:\/\/api.w.org\/{rel}","templated":true}]}}